{"id":20,"date":"2021-08-02T10:35:27","date_gmt":"2021-08-02T10:35:27","guid":{"rendered":"https:\/\/globefarer.qodeinteractive.com\/?page_id=20"},"modified":"2024-09-11T09:04:44","modified_gmt":"2024-09-11T07:04:44","slug":"upit-za-saradnju","status":"publish","type":"page","link":"https:\/\/zensped.co.me\/en\/upit-za-saradnju\/","title":{"rendered":"Cooperation inquiry"},"content":{"rendered":"<div data-elementor-type=\"wp-page\" data-elementor-id=\"20\" class=\"elementor elementor-20\">\n\t\t\t\t\t\t\t\t\t<section class=\"elementor-section elementor-top-section elementor-element elementor-element-97214b1 elementor-section-full_width qodef-elementor-content-grid elementor-section-height-default elementor-section-height-default\" data-id=\"97214b1\" data-element_type=\"section\">\n\t\t\t\t\t\t<div class=\"elementor-container elementor-column-gap-default\">\n\t\t\t\t\t<div class=\"elementor-column elementor-col-100 elementor-top-column elementor-element elementor-element-d9d8519\" data-id=\"d9d8519\" data-element_type=\"column\">\n\t\t\t<div class=\"elementor-widget-wrap elementor-element-populated\">\n\t\t\t\t\t\t\t\t<div class=\"elementor-element elementor-element-5e4cdab elementor-widget elementor-widget-qi_addons_for_elementor_animated_text\" data-id=\"5e4cdab\" data-element_type=\"widget\" data-widget_type=\"qi_addons_for_elementor_animated_text.default\">\n\t\t\t\t<div class=\"elementor-widget-container\">\n\t\t\t<div class=\"qodef-shortcode qodef-m  qodef-qi-animated-text qodef--animated-by-word qodef--alignment-left qodef-qi--has-appear qodef--appear-from-bottom\">\n\t\t<h2 class=\"qodef-m-title\">\n\t\t<span class=\"qodef-e-word\">Informacije<\/span> <span class=\"qodef-e-word\">o<\/span> <span class=\"qodef-e-word\">usluzi<\/span>\t<\/h2>\n<\/div>\n\t\t<\/div>\n\t\t\t\t<\/div>\n\t\t\t\t<div class=\"elementor-element elementor-element-4c41a9a elementor-invisible elementor-widget elementor-widget-text-editor\" data-id=\"4c41a9a\" data-element_type=\"widget\" data-settings=\"{&quot;_animation&quot;:&quot;fadeIn&quot;}\" data-widget_type=\"text-editor.default\">\n\t\t\t\t<div class=\"elementor-widget-container\">\n\t\t\t<style>\/*! elementor - v3.6.6 - 08-06-2022 *\/\n.elementor-widget-text-editor.elementor-drop-cap-view-stacked .elementor-drop-cap{background-color:#818a91;color:#fff}.elementor-widget-text-editor.elementor-drop-cap-view-framed .elementor-drop-cap{color:#818a91;border:3px solid;background-color:transparent}.elementor-widget-text-editor:not(.elementor-drop-cap-view-default) .elementor-drop-cap{margin-top:8px}.elementor-widget-text-editor:not(.elementor-drop-cap-view-default) .elementor-drop-cap-letter{width:1em;height:1em}.elementor-widget-text-editor .elementor-drop-cap{float:left;text-align:center;line-height:1;font-size:50px}.elementor-widget-text-editor .elementor-drop-cap-letter{display:inline-block}<\/style>\t\t\t\t<p>Each inquiry is special and, depending on various factors, the price is formed for each client separately. Please send us an inquiry so that our team can process your request and you will receive a quote.&nbsp;<\/p>\t\t\t\t\t\t<\/div>\n\t\t\t\t<\/div>\n\t\t\t\t\t<\/div>\n\t\t<\/div>\n\t\t\t\t\t\t\t<\/div>\n\t\t<\/section>\n\t\t\t\t<section class=\"elementor-section elementor-top-section elementor-element elementor-element-cd8b230 elementor-section-full_width zs-upit qodef-elementor-content-grid elementor-section-height-default elementor-section-height-default\" data-id=\"cd8b230\" data-element_type=\"section\" id=\"zs-upit\">\n\t\t\t\t\t\t<div class=\"elementor-container elementor-column-gap-default\">\n\t\t\t\t\t<div class=\"elementor-column elementor-col-50 elementor-top-column elementor-element elementor-element-2846ed8 elementor-invisible\" data-id=\"2846ed8\" data-element_type=\"column\" data-settings=\"{&quot;animation&quot;:&quot;fadeIn&quot;}\">\n\t\t\t<div class=\"elementor-widget-wrap elementor-element-populated\">\n\t\t\t\t\t\t\t\t<section class=\"elementor-section elementor-inner-section elementor-element elementor-element-53284aa elementor-section-content-middle elementor-section-boxed elementor-section-height-default elementor-section-height-default qodef-elementor-content-no\" data-id=\"53284aa\" data-element_type=\"section\" id=\"zs-transport-upit\">\n\t\t\t\t\t\t<div class=\"elementor-container elementor-column-gap-default\">\n\t\t\t\t\t<div class=\"elementor-column elementor-col-16 elementor-inner-column elementor-element elementor-element-a3ffc58\" data-id=\"a3ffc58\" data-element_type=\"column\">\n\t\t\t<div class=\"elementor-widget-wrap elementor-element-populated\">\n\t\t\t\t\t\t\t\t<div class=\"elementor-element elementor-element-75a78d0 elementor-widget elementor-widget-text-editor\" data-id=\"75a78d0\" data-element_type=\"widget\" id=\"carinsko\" data-widget_type=\"text-editor.default\">\n\t\t\t\t<div class=\"elementor-widget-container\">\n\t\t\t\t\t\t\t<span class=\"icon\" >\n<i class=\"stm-security\"><\/i>\n<\/span>\t\t\t\t\t\t<\/div>\n\t\t\t\t<\/div>\n\t\t\t\t\t<\/div>\n\t\t<\/div>\n\t\t\t\t<div class=\"elementor-column elementor-col-16 elementor-inner-column elementor-element elementor-element-da87a85\" data-id=\"da87a85\" data-element_type=\"column\">\n\t\t\t<div class=\"elementor-widget-wrap elementor-element-populated\">\n\t\t\t\t\t\t\t\t<div class=\"elementor-element elementor-element-4e2a49c elementor-widget elementor-widget-text-editor\" data-id=\"4e2a49c\" data-element_type=\"widget\" id=\"skladistenje\" data-widget_type=\"text-editor.default\">\n\t\t\t\t<div class=\"elementor-widget-container\">\n\t\t\t\t\t\t\t<span class=\"icon\">\n<i class=\"stm-warehouse\"><\/i>\n<\/span>\t\t\t\t\t\t<\/div>\n\t\t\t\t<\/div>\n\t\t\t\t\t<\/div>\n\t\t<\/div>\n\t\t\t\t<div class=\"elementor-column elementor-col-16 elementor-inner-column elementor-element elementor-element-94dca3c\" data-id=\"94dca3c\" data-element_type=\"column\">\n\t\t\t<div class=\"elementor-widget-wrap elementor-element-populated\">\n\t\t\t\t\t\t\t\t<div class=\"elementor-element elementor-element-8f7ed18 elementor-widget elementor-widget-text-editor\" data-id=\"8f7ed18\" data-element_type=\"widget\" id=\"pomorski\" data-widget_type=\"text-editor.default\">\n\t\t\t\t<div class=\"elementor-widget-container\">\n\t\t\t\t\t\t\t<span class=\"icon\">\n<i class=\"stm-ship\"><\/i>\n<\/span>\t\t\t\t\t\t<\/div>\n\t\t\t\t<\/div>\n\t\t\t\t\t<\/div>\n\t\t<\/div>\n\t\t\t\t<div class=\"elementor-column elementor-col-16 elementor-inner-column elementor-element elementor-element-1835dec\" data-id=\"1835dec\" data-element_type=\"column\">\n\t\t\t<div class=\"elementor-widget-wrap elementor-element-populated\">\n\t\t\t\t\t\t\t\t<div class=\"elementor-element elementor-element-cf1cf9e elementor-widget elementor-widget-text-editor\" data-id=\"cf1cf9e\" data-element_type=\"widget\" id=\"drumski\" data-widget_type=\"text-editor.default\">\n\t\t\t\t<div class=\"elementor-widget-container\">\n\t\t\t\t\t\t\t<span class=\"icon\">\n<i class=\"stm-transport842\"><\/i>\n<\/span>\t\t\t\t\t\t<\/div>\n\t\t\t\t<\/div>\n\t\t\t\t\t<\/div>\n\t\t<\/div>\n\t\t\t\t<div class=\"elementor-column elementor-col-16 elementor-inner-column elementor-element elementor-element-a951b82\" data-id=\"a951b82\" data-element_type=\"column\">\n\t\t\t<div class=\"elementor-widget-wrap elementor-element-populated\">\n\t\t\t\t\t\t\t\t<div class=\"elementor-element elementor-element-4d35bbb elementor-widget elementor-widget-text-editor\" data-id=\"4d35bbb\" data-element_type=\"widget\" id=\"zeljeznicki\" data-widget_type=\"text-editor.default\">\n\t\t\t\t<div class=\"elementor-widget-container\">\n\t\t\t\t\t\t\t<span class=\"icon\" >\n<i class=\"stm-transport851\"><\/i>\n<\/span>\t\t\t\t\t\t<\/div>\n\t\t\t\t<\/div>\n\t\t\t\t\t<\/div>\n\t\t<\/div>\n\t\t\t\t<div class=\"elementor-column elementor-col-16 elementor-inner-column elementor-element elementor-element-e2540f9\" data-id=\"e2540f9\" data-element_type=\"column\">\n\t\t\t<div class=\"elementor-widget-wrap elementor-element-populated\">\n\t\t\t\t\t\t\t\t<div class=\"elementor-element elementor-element-497c2e5 elementor-widget elementor-widget-text-editor\" data-id=\"497c2e5\" data-element_type=\"widget\" id=\"avio\" data-widget_type=\"text-editor.default\">\n\t\t\t\t<div class=\"elementor-widget-container\">\n\t\t\t\t\t\t\t<span class=\"icon\">\n<i class=\"stm-transport839\"><\/i>\n<\/span>\t\t\t\t\t\t<\/div>\n\t\t\t\t<\/div>\n\t\t\t\t\t<\/div>\n\t\t<\/div>\n\t\t\t\t\t\t\t<\/div>\n\t\t<\/section>\n\t\t\t\t<div class=\"elementor-element elementor-element-d636e26 elementor-widget elementor-widget-wp-widget-globefarer_core_contact_form_7\" data-id=\"d636e26\" data-element_type=\"widget\" data-widget_type=\"wp-widget-globefarer_core_contact_form_7.default\">\n\t\t\t\t<div class=\"elementor-widget-container\">\n\t\t\t\t\t\t<div class=\"qodef-contact-form-7\">\n\t\t\t\t<div role=\"form\" class=\"wpcf7\" id=\"wpcf7-f9349-o1\" lang=\"en-US\" dir=\"ltr\">\n<div class=\"screen-reader-response\"><p role=\"status\" aria-live=\"polite\" aria-atomic=\"true\"><\/p> <ul><\/ul><\/div>\n<form action=\"\/en\/wp-json\/wp\/v2\/pages\/20#wpcf7-f9349-o1\" method=\"post\" class=\"wpcf7-form init\" novalidate=\"novalidate\" data-status=\"init\" data-trp-original-action=\"\/en\/wp-json\/wp\/v2\/pages\/20#wpcf7-f9349-o1\">\n<div style=\"display: none;\">\n<input type=\"hidden\" name=\"_wpcf7\" value=\"9349\" \/>\n<input type=\"hidden\" name=\"_wpcf7_version\" value=\"5.6\" \/>\n<input type=\"hidden\" name=\"_wpcf7_locale\" value=\"en_US\" \/>\n<input type=\"hidden\" name=\"_wpcf7_unit_tag\" value=\"wpcf7-f9349-o1\" \/>\n<input type=\"hidden\" name=\"_wpcf7_container_post\" value=\"0\" \/>\n<input type=\"hidden\" name=\"_wpcf7_posted_data_hash\" value=\"\" \/>\n<input type=\"hidden\" name=\"_wpcf7_recaptcha_response\" value=\"\" \/>\n<\/div>\n<div class=\"qodef-m-input\">\n  <div class=\"qodef-m-input-holder qodef--third-holder\">\n     \n    <span class=\"wpcf7-form-control-wrap solution\">\n    <span class=\"wpcf7-form-control wpcf7-checkbox\">\n\n      <span class=\"zs-select-label\">Service<\/span>\n      <span class=\"zs-select\">\n      <span class=\"wpcf7-form-control-wrap\" data-name=\"usluga\"><select name=\"usluga\" class=\"wpcf7-form-control wpcf7-select\" id=\"zs-usluga\" aria-invalid=\"false\"><option value=\"Carinsko zastupanje\">Customs Clearance<\/option><option value=\"Skladi\u0161tenje\">Storage<\/option><option value=\"Pomorski transport\">Sea Cargo<\/option><option value=\"Drumski transport\">Road Transport<\/option><option value=\"\u017deljezni\u010dki transport\">Rail Transport<\/option><option value=\"Avio transport\">Air Cargo<\/option><option value=\"Drugo\">Other<\/option><\/select><\/span>\n      <\/span>\n\n      <span class=\"zs-radio-label\">\n      <span class=\"zs-radio\">Transport <\/span>\n      <span class=\"wpcf7-form-control-wrap\" data-name=\"vrsta-transport\"><span class=\"wpcf7-form-control wpcf7-radio\"><span class=\"wpcf7-list-item first\"><span class=\"wpcf7-list-item-label\">Local<\/span><input type=\"radio\" name=\"vrsta-transport\" value=\"Lokalni\" checked=\"checked\" \/><\/span><span class=\"wpcf7-list-item last\"><span class=\"wpcf7-list-item-label\">International<\/span><input type=\"radio\" name=\"vrsta-transport\" value=\"Me\u0111unarodni\" \/><\/span><\/span><\/span>\n      <\/span>\n\n      <label class=\"col-left-half\"> \n        <span class=\"qodef-m-input-label\">Departure<\/span>\n        <span class=\"wpcf7-form-control-wrap\" data-name=\"zemlja-polaska\"><input type=\"text\" name=\"zemlja-polaska\" value=\"\" size=\"40\" class=\"wpcf7-form-control wpcf7-text\" aria-invalid=\"false\" \/><\/span> \n      <\/label>\n\n      <label class=\"col-left-half\"> \n        <span class=\"qodef-m-input-label\">Delivery<\/span>\n        <span class=\"wpcf7-form-control-wrap\" data-name=\"zemlja-isporuke\"><input type=\"text\" name=\"zemlja-isporuke\" value=\"\" size=\"40\" class=\"wpcf7-form-control wpcf7-text\" aria-invalid=\"false\" \/><\/span> \n      <\/label>\n\n      <label class=\"col-left-half\"> \n        <span class=\"qodef-m-input-label\">Weight<\/span>\n        <span class=\"wpcf7-form-control-wrap\" data-name=\"tezina-robe\"><input type=\"text\" name=\"tezina-robe\" value=\"\" size=\"40\" class=\"wpcf7-form-control wpcf7-text\" aria-invalid=\"false\" \/><\/span> \n      <\/label>\n\n      <label class=\"col-left-half\"> \n        <span class=\"qodef-m-input-label\">Dimensions<\/span>\n        <span class=\"wpcf7-form-control-wrap\" data-name=\"dimenzije\"><input type=\"text\" name=\"dimenzije\" value=\"\" size=\"40\" class=\"wpcf7-form-control wpcf7-text\" aria-invalid=\"false\" \/><\/span> \n      <\/label>\n\n      <label class=\"col-left-half\"> \n        <span class=\"qodef-m-input-label\">Type of goods<\/span>\n        <span class=\"wpcf7-form-control-wrap\" data-name=\"vrsta-robe\"><input type=\"text\" name=\"vrsta-robe\" value=\"\" size=\"40\" class=\"wpcf7-form-control wpcf7-text\" aria-invalid=\"false\" \/><\/span> \n      <\/label>\n\n      <label class=\"col-left-half\"> \n        <span class=\"qodef-m-input-label\">Date of receipt<\/span>\n        <span class=\"wpcf7-form-control-wrap\" data-name=\"your-date\"><input type=\"date\" name=\"your-date\" value=\"\" class=\"wpcf7-form-control wpcf7-date wpcf7-validates-as-date\" min=\"2026-04-07\" max=\"2030-01-31\" step=\"1\" aria-invalid=\"false\" \/><\/span>\n      <\/label>\n \n    <\/span>\n    <\/span>\n     \n    <div class=\"qodef-m-input-buttons\">\n\n      <button type=\"submit\" class=\"wpcf7-form-control wpcf7-submit qodef--next qodef-button qodef-size--normal qodef-layout--filled qodef-m\">\n        <span class=\"qodef-m-button-icon\">\n          <svg class=\"qodef-svg--input-arrow-right\" xmlns=\"http:\/\/www.w3.org\/2000\/svg\" width=\"22\" height=\"16.971\" viewbox=\"0 0 22 16.971\"> \n            <g transform=\"translate(-758.1 -1746.515)\">\n              <rect class=\"qodef-m-oblique--1\" width=\"100%\" height=\"100%\" transform=\"translate(759.515 1753.586) rotate(45)\"><\/rect> \n              <rect class=\"qodef-m-oblique--2\" width=\"100%\" height=\"100%\" transform=\"translate(759.515 1756.414) rotate(-135)\"><\/rect>\n              <rect class=\"qodef-m-horizontal\" width=\"100%\" height=\"100%\" transform=\"translate(760.101 1756.1) rotate(-90)\"><\/rect>\n            <\/g>\n          <\/svg>\n        <\/span><span class=\"qodef-m-button-text\">Next<\/span>\n      <\/button>\n    <\/div>\n    \n    <input type=\"hidden\" name=\"_cf7msm_multistep_tag\" value=\"{&quot;first_step&quot;:1,&quot;next_url&quot;:&quot;upit-drugi-korak&quot;}\" class=\"wpcf7-form-control cf7msm-multistep wpcf7-multistep\" \/><input type=\"hidden\" name=\"cf7msm-no-ss\" value=\"\" \/>\n\n  <\/div>\n<\/div><div class=\"wpcf7-response-output\" aria-hidden=\"true\"><\/div><input type=\"hidden\" name=\"trp-form-language\" value=\"en\"\/><\/form><\/div>\t\t\t<\/div>\n\t\t\t\t\t<\/div>\n\t\t\t\t<\/div>\n\t\t\t\t\t<\/div>\n\t\t<\/div>\n\t\t\t\t<div class=\"elementor-column elementor-col-50 elementor-top-column elementor-element elementor-element-a78fd9c\" data-id=\"a78fd9c\" data-element_type=\"column\">\n\t\t\t<div class=\"elementor-widget-wrap elementor-element-populated\">\n\t\t\t\t\t\t\t\t<div class=\"elementor-element elementor-element-bdc92f0 elementor-invisible elementor-widget elementor-widget-globefarer_core_contact_info\" data-id=\"bdc92f0\" data-element_type=\"widget\" data-settings=\"{&quot;_animation&quot;:&quot;fadeIn&quot;,&quot;_animation_delay&quot;:200}\" data-widget_type=\"globefarer_core_contact_info.default\">\n\t\t\t\t<div class=\"elementor-widget-container\">\n\t\t\t<div class=\"qodef-shortcode qodef-m  qodef-contact-info qodef-layout--type-1 qodef-boxed-content--on\">\n\t\t<h4 class=\"qodef-m-title\">\tPrvi korak\t<\/h4>\t<div class=\"qodef-m-phone\">\n\t\t\t<h6 class=\"qodef-m-phone-tagline\">\n\t\tPotrebna vam je pomo\u0107?\t<\/h6>\n\t\t<h4 class=\"qodef-m-phone-item\">\t<a itemprop=\"telephone\" href=\"tel:+38230312275\">\n\t\t+382 30 312 275\t<\/a>\n\t<\/h4>\t\t<h4 class=\"qodef-m-phone-item\">\t<a itemprop=\"telephone\" href=\"tel:+38267393297\">\n\t\t+382 67 393 297\t<\/a>\n\t<\/h4>\t<\/div>\n\t<div class=\"qodef-m-address\">\n\t\t\t<h6 class=\"qodef-m-address-tagline\">\n\t\tCooperation inquiry\t<\/h6>\n\t<h4 class=\"qodef-m-address-item\">\tInformacije o usluzi\t<\/h4>\t<\/div>\n<\/div>\n\t\t<\/div>\n\t\t\t\t<\/div>\n\t\t\t\t\t<\/div>\n\t\t<\/div>\n\t\t\t\t\t\t\t<\/div>\n\t\t<\/section>\n\t\t\t\t<section class=\"elementor-section elementor-top-section elementor-element elementor-element-33a1b5d elementor-section-full_width qodef-elementor-content-grid elementor-section-height-default elementor-section-height-default elementor-invisible\" data-id=\"33a1b5d\" data-element_type=\"section\" data-settings=\"{&quot;animation&quot;:&quot;fadeIn&quot;}\">\n\t\t\t\t\t\t<div class=\"elementor-container elementor-column-gap-default\">\n\t\t\t\t\t<div class=\"elementor-column elementor-col-100 elementor-top-column elementor-element elementor-element-d40e7f4\" data-id=\"d40e7f4\" data-element_type=\"column\">\n\t\t\t<div class=\"elementor-widget-wrap elementor-element-populated\">\n\t\t\t\t\t\t\t\t<div class=\"elementor-element elementor-element-af5e3d4 elementor-widget elementor-widget-text-editor\" data-id=\"af5e3d4\" data-element_type=\"widget\" data-widget_type=\"text-editor.default\">\n\t\t\t\t<div class=\"elementor-widget-container\">\n\t\t\t\t\t\t\t<div style=\"opacity: .5; line-height: 14px; display: block; font-size: .75em;\"><small>Sajt je za\u0161ti\u0107en od reCAPTCHA i Google. <br>\n<a href=\"https:\/\/policies.google.com\/privacy\" target=\"_blank\" rel=\"noopener\">Politika privatnosti<\/a> and <a href=\"https:\/\/policies.google.com\/terms\" target=\"_blank\" rel=\"noopener\">Uslovi kori\u0161\u0107enja<\/a> se primenjuju.\n<\/small><\/div>\t\t\t\t\t\t<\/div>\n\t\t\t\t<\/div>\n\t\t\t\t\t<\/div>\n\t\t<\/div>\n\t\t\t\t\t\t\t<\/div>\n\t\t<\/section>\n\t\t\t\t\t\t\t<\/div>","protected":false},"excerpt":{"rendered":"<p>Informacije o usluzi Svaki upit je poseban i u zavisnosti od razli\u010ditih faktora formira se cijena za svakog klijenta posebno. Molimo vas po\u0161aljite nam upit kako bi na\u0161 tim mogao da procesuira va\u0161 zahtev i kako bi dobili ponudu.&nbsp; Prvi korak Potrebna vam je pomo\u0107? +382 30 312 275 +382 67 393 297 Upit za [&hellip;]<\/p>","protected":false},"author":1,"featured_media":0,"parent":0,"menu_order":0,"comment_status":"closed","ping_status":"closed","template":"page-full-width.php","meta":[],"_links":{"self":[{"href":"https:\/\/zensped.co.me\/en\/wp-json\/wp\/v2\/pages\/20"}],"collection":[{"href":"https:\/\/zensped.co.me\/en\/wp-json\/wp\/v2\/pages"}],"about":[{"href":"https:\/\/zensped.co.me\/en\/wp-json\/wp\/v2\/types\/page"}],"author":[{"embeddable":true,"href":"https:\/\/zensped.co.me\/en\/wp-json\/wp\/v2\/users\/1"}],"replies":[{"embeddable":true,"href":"https:\/\/zensped.co.me\/en\/wp-json\/wp\/v2\/comments?post=20"}],"version-history":[{"count":14,"href":"https:\/\/zensped.co.me\/en\/wp-json\/wp\/v2\/pages\/20\/revisions"}],"predecessor-version":[{"id":11746,"href":"https:\/\/zensped.co.me\/en\/wp-json\/wp\/v2\/pages\/20\/revisions\/11746"}],"wp:attachment":[{"href":"https:\/\/zensped.co.me\/en\/wp-json\/wp\/v2\/media?parent=20"}],"curies":[{"name":"wp","href":"https:\/\/api.w.org\/{rel}","templated":true}]}}