{"id":8667,"date":"2022-06-25T13:52:39","date_gmt":"2022-06-25T11:52:39","guid":{"rendered":"https:\/\/zensped.co.me\/?page_id=8667"},"modified":"2024-09-11T08:41:10","modified_gmt":"2024-09-11T06:41:10","slug":"kontakt","status":"publish","type":"page","link":"https:\/\/zensped.co.me\/en\/kontakt\/","title":{"rendered":"Contact"},"content":{"rendered":"<div data-elementor-type=\"wp-page\" data-elementor-id=\"8667\" class=\"elementor elementor-8667\">\n\t\t\t\t\t\t\t\t\t<section class=\"elementor-section elementor-top-section elementor-element elementor-element-d3db1c5 qodef-elementor-content-grid zs-kontakt elementor-section-content-middle elementor-section-boxed elementor-section-height-default elementor-section-height-default\" data-id=\"d3db1c5\" data-element_type=\"section\">\n\t\t\t\t\t\t<div class=\"elementor-container elementor-column-gap-no\">\n\t\t\t\t\t<div class=\"elementor-column elementor-col-50 elementor-top-column elementor-element elementor-element-425ca96 elementor-invisible\" data-id=\"425ca96\" data-element_type=\"column\" data-settings=\"{&quot;animation&quot;:&quot;fadeIn&quot;}\">\n\t\t\t<div class=\"elementor-widget-wrap elementor-element-populated\">\n\t\t\t\t\t\t\t\t<div class=\"elementor-element elementor-element-70ce825 zs-head elementor-widget elementor-widget-qi_addons_for_elementor_animated_text\" data-id=\"70ce825\" data-element_type=\"widget\" data-widget_type=\"qi_addons_for_elementor_animated_text.default\">\n\t\t\t\t<div class=\"elementor-widget-container\">\n\t\t\t<div class=\"qodef-shortcode qodef-m  qodef-qi-animated-text qodef--animated-by-word qodef--alignment-left qodef-qi--has-appear qodef--appear-from-bottom\">\n\t\t<h2 class=\"qodef-m-title\">\n\t\t<span class=\"qodef-e-word\">Zen\u0161ped<\/span> <span class=\"qodef-e-word\">Group<\/span>\t<\/h2>\n<\/div>\n\t\t<\/div>\n\t\t\t\t<\/div>\n\t\t\t\t<div class=\"elementor-element elementor-element-5ded2ce elementor-widget__width-inherit elementor-widget elementor-widget-text-editor\" data-id=\"5ded2ce\" data-element_type=\"widget\" data-widget_type=\"text-editor.default\">\n\t\t\t\t<div class=\"elementor-widget-container\">\n\t\t\t<style>\/*! elementor - v3.6.6 - 08-06-2022 *\/\n.elementor-widget-text-editor.elementor-drop-cap-view-stacked .elementor-drop-cap{background-color:#818a91;color:#fff}.elementor-widget-text-editor.elementor-drop-cap-view-framed .elementor-drop-cap{color:#818a91;border:3px solid;background-color:transparent}.elementor-widget-text-editor:not(.elementor-drop-cap-view-default) .elementor-drop-cap{margin-top:8px}.elementor-widget-text-editor:not(.elementor-drop-cap-view-default) .elementor-drop-cap-letter{width:1em;height:1em}.elementor-widget-text-editor .elementor-drop-cap{float:left;text-align:center;line-height:1;font-size:50px}.elementor-widget-text-editor .elementor-drop-cap-letter{display:inline-block}<\/style>\t\t\t\t<p><span style=\"margin: 0;\">Company for freight forwarding, maritime agency and foreign trade<\/span><\/p><p><small><strong>Djelatnost<\/strong> (klasifikacija delatnosti):<br \/>5229 Ostale prate\u0107e djelatnosti u saobra\u0107aju<\/small><br \/><small><strong>Mati\u010dni broj privrednog subjekta<\/strong>: 02914034<\/small><\/p>\t\t\t\t\t\t<\/div>\n\t\t\t\t<\/div>\n\t\t\t\t<div class=\"elementor-element elementor-element-8dcb04c elementor-widget__width-initial elementor-widget-mobile__width-inherit elementor-widget elementor-widget-globefarer_core_contact_info\" data-id=\"8dcb04c\" data-element_type=\"widget\" data-widget_type=\"globefarer_core_contact_info.default\">\n\t\t\t\t<div class=\"elementor-widget-container\">\n\t\t\t<div class=\"qodef-shortcode qodef-m  qodef-contact-info qodef-layout--type-2\">\n\t\t<div class=\"qodef-m-phone\">\n\t\t\t\t<h2 class=\"qodef-m-phone-item\">\t<a itemprop=\"telephone\" href=\"tel:+38230312275\">\n\t\t+382 30 312 275\t<\/a>\n\t<\/h2>\t\t<h2 class=\"qodef-m-phone-item\">\t<a itemprop=\"telephone\" href=\"tel:+38230313123\">\n\t\t+382 30 313 123\t<\/a>\n\t<\/h2>\t<\/div>\n<div class=\"qodef-m-address-email\">\n\t\t<\/div>\n<\/div>\n\t\t<\/div>\n\t\t\t\t<\/div>\n\t\t\t\t<div class=\"elementor-element elementor-element-ba6c639 elementor-widget__width-initial elementor-widget-mobile__width-inherit elementor-widget elementor-widget-globefarer_core_contact_info\" data-id=\"ba6c639\" data-element_type=\"widget\" data-widget_type=\"globefarer_core_contact_info.default\">\n\t\t\t\t<div class=\"elementor-widget-container\">\n\t\t\t<div class=\"qodef-shortcode qodef-m  qodef-contact-info qodef-layout--type-2\">\n\t\t<div class=\"qodef-m-phone\">\n\t\t\t\t<h2 class=\"qodef-m-phone-item\">\t<a itemprop=\"telephone\" href=\"tel:+38267393297\">\n\t\t+382 67 393 297\t<\/a>\n\t<\/h2>\t\t<h2 class=\"qodef-m-phone-item\">\t<a itemprop=\"telephone\" href=\"tel:+38267226473\">\n\t\t+382 67 226 473\t<\/a>\n\t<\/h2>\t<\/div>\n<div class=\"qodef-m-address-email\">\n\t\t\t<div class=\"qodef-m-address\">\n\t\t\t\t<h6 class=\"qodef-m-address-tagline\">\n\t\tAddress\t<\/h6>\n\t<h5 class=\"qodef-m-address-item\">\t<a href=\"https:\/\/www.google.com\/maps\/place\/39+Ulica+Jovana+Tomasevica,+Bar,+Montenegro\/@42.1948939,18.0971798,7.75z\/data=!4m5!3m4!1s0x134e740079e57ce9:0x680d28150e8e61c4!8m2!3d42.0977211!4d19.0951253\" target=\"_blank\" rel=\"noopener\">Jovana Toma\u0161evi\u0107a 39, 85000 Bar, Montenegro<\/a>\t<\/h5>\t\t<\/div>\n\t\t\t\t<div class=\"qodef-m-email\">\n\t\t\t\t<h6 class=\"qodef-m-email-tagline\">\n\t\tEmail\t<\/h6>\n\t<h5 class=\"qodef-m-email-item\">\t<a itemprop=\"email\" href=\"mailto:info@zensped.co.me\">\n\t\tinfo@zensped.co.me\t<\/a>\n\t<\/h5>\t\t<\/div>\n\t<\/div>\n<\/div>\n\t\t<\/div>\n\t\t\t\t<\/div>\n\t\t\t\t<div class=\"elementor-element elementor-element-13a1d4d elementor-widget elementor-widget-text-editor\" data-id=\"13a1d4d\" data-element_type=\"widget\" data-widget_type=\"text-editor.default\">\n\t\t\t\t<div class=\"elementor-widget-container\">\n\t\t\t\t\t\t\t<div class=\"qodef-m-address\"><h6 style=\"margin-bottom: 15px;\">Radno vrijeme<\/h6><h5 style=\"margin-top: 10px!important;\">08 \u2014 20h | radnim danima<\/h5><\/div>\t\t\t\t\t\t<\/div>\n\t\t\t\t<\/div>\n\t\t\t\t\t<\/div>\n\t\t<\/div>\n\t\t\t\t<div class=\"elementor-column elementor-col-50 elementor-top-column elementor-element elementor-element-ca1997c animated-slow elementor-invisible\" data-id=\"ca1997c\" data-element_type=\"column\" data-settings=\"{&quot;animation&quot;:&quot;fadeIn&quot;,&quot;animation_delay&quot;:1.5}\">\n\t\t\t<div class=\"elementor-widget-wrap elementor-element-populated\">\n\t\t\t\t\t\t\t\t<div class=\"elementor-element elementor-element-69db32f elementor-widget elementor-widget-wp-widget-globefarer_core_contact_form_7\" data-id=\"69db32f\" data-element_type=\"widget\" data-widget_type=\"wp-widget-globefarer_core_contact_form_7.default\">\n\t\t\t\t<div class=\"elementor-widget-container\">\n\t\t\t\t\t\t<div class=\"qodef-contact-form-7\">\n\t\t\t\t<div role=\"form\" class=\"wpcf7\" id=\"wpcf7-f8658-o1\" lang=\"en-US\" dir=\"ltr\">\n<div class=\"screen-reader-response\"><p role=\"status\" aria-live=\"polite\" aria-atomic=\"true\"><\/p> <ul><\/ul><\/div>\n<form action=\"\/en\/wp-json\/wp\/v2\/pages\/8667#wpcf7-f8658-o1\" method=\"post\" class=\"wpcf7-form init\" novalidate=\"novalidate\" data-status=\"init\" data-trp-original-action=\"\/en\/wp-json\/wp\/v2\/pages\/8667#wpcf7-f8658-o1\">\n<div style=\"display: none;\">\n<input type=\"hidden\" name=\"_wpcf7\" value=\"8658\" \/>\n<input type=\"hidden\" name=\"_wpcf7_version\" value=\"5.6\" \/>\n<input type=\"hidden\" name=\"_wpcf7_locale\" value=\"en_US\" \/>\n<input type=\"hidden\" name=\"_wpcf7_unit_tag\" value=\"wpcf7-f8658-o1\" \/>\n<input type=\"hidden\" name=\"_wpcf7_container_post\" value=\"0\" \/>\n<input type=\"hidden\" name=\"_wpcf7_posted_data_hash\" value=\"\" \/>\n<input type=\"hidden\" name=\"_wpcf7_recaptcha_response\" value=\"\" \/>\n<\/div>\n<div class=\"qodef-m-input\">\n  <div class=\"qodef-m-input-holder\">\n\n    <label class=\"col-left-half\"> \n      <span class=\"qodef-m-input-label\">Naziv firme*<\/span>\n      <span class=\"wpcf7-form-control-wrap\" data-name=\"company\"><input type=\"text\" name=\"company\" value=\"\" size=\"40\" class=\"wpcf7-form-control wpcf7-text wpcf7-validates-as-required\" aria-required=\"true\" aria-invalid=\"false\" \/><\/span> \n    <\/label>\n\n    <label class=\"col-left-half\"> \n       <span class=\"qodef-m-input-label\">Ime i prezime*<\/span>\n       <span class=\"wpcf7-form-control-wrap\" data-name=\"your-name\"><input type=\"text\" name=\"your-name\" value=\"\" size=\"40\" class=\"wpcf7-form-control wpcf7-text wpcf7-validates-as-required\" aria-required=\"true\" aria-invalid=\"false\" \/><\/span> \n    <\/label>\n\n    <label class=\"col-left-half\"> \n      <span class=\"qodef-m-input-label\">Telefon*<\/span>\n      <span class=\"wpcf7-form-control-wrap\" data-name=\"tel-37593156427\"><input type=\"tel\" name=\"tel-37593156427\" value=\"\" size=\"40\" class=\"wpcf7-form-control wpcf7-text wpcf7-tel wpcf7-validates-as-required wpcf7-validates-as-tel\" aria-required=\"true\" aria-invalid=\"false\" \/><\/span> \n    <\/label>\n\n    <label class=\"col-left-half\">\n      <span class=\"qodef-m-input-label\">Email*<\/span>\n      <span class=\"wpcf7-form-control-wrap\" data-name=\"email\"><input type=\"email\" name=\"email\" value=\"\" size=\"40\" class=\"wpcf7-form-control wpcf7-text wpcf7-email wpcf7-validates-as-required wpcf7-validates-as-email\" aria-required=\"true\" aria-invalid=\"false\" \/><\/span> \n    <\/label>\n\n    <label class=\"col-full-width\">  \n      <span class=\"qodef-m-input-label\">Poruka*<\/span>\n      <span class=\"wpcf7-form-control-wrap\" data-name=\"message\"><textarea name=\"message\" cols=\"40\" rows=\"7\" class=\"wpcf7-form-control wpcf7-textarea wpcf7-validates-as-required\" aria-required=\"true\" aria-invalid=\"false\"><\/textarea><\/span>\n    <\/label>\n\n    <label class=\"col-full-width zs-submit\"> \n      <button type=\"submit\" class=\"wpcf7-form-control wpcf7-submit qodef-button qodef-size--normal qodef-layout--filled qodef-m\"><span class=\"qodef-m-button-icon\"><svg class=\"qodef-svg--plus\" xmlns=\"http:\/\/www.w3.org\/2000\/svg\" xmlns:xlink=\"http:\/\/www.w3.org\/1999\/xlink\" width=\"14\" height=\"14\" viewbox=\"0 0 14 14\"><path class=\"qodef-m-horizontal\" d=\"M0,0H14V2H0Z\" transform=\"translate(0 6)\" \/><path class=\"qodef-m-vertical\" d=\"M0,0H2V14H0Z\" transform=\"translate(6)\" \/><\/svg><\/span><span class=\"qodef-m-button-text\">Po\u0161alji<\/span><\/button>\n    <\/label>\n\n  <\/div>\n<\/div><div class=\"wpcf7-response-output\" aria-hidden=\"true\"><\/div><input type=\"hidden\" name=\"trp-form-language\" value=\"en\"\/><\/form><\/div>\t\t\t<\/div>\n\t\t\t\t\t<\/div>\n\t\t\t\t<\/div>\n\t\t\t\t<section class=\"elementor-section elementor-inner-section elementor-element elementor-element-2a8eedd zs-recaptcha elementor-section-boxed elementor-section-height-default elementor-section-height-default qodef-elementor-content-no\" data-id=\"2a8eedd\" data-element_type=\"section\">\n\t\t\t\t\t\t<div class=\"elementor-container elementor-column-gap-default\">\n\t\t\t\t\t<div class=\"elementor-column elementor-col-50 elementor-inner-column elementor-element elementor-element-6e62b88\" data-id=\"6e62b88\" data-element_type=\"column\">\n\t\t\t<div class=\"elementor-widget-wrap\">\n\t\t\t\t\t\t\t\t\t<\/div>\n\t\t<\/div>\n\t\t\t\t<div class=\"elementor-column elementor-col-50 elementor-inner-column elementor-element elementor-element-44aeda0\" data-id=\"44aeda0\" data-element_type=\"column\">\n\t\t\t<div class=\"elementor-widget-wrap elementor-element-populated\">\n\t\t\t\t\t\t\t\t<div class=\"elementor-element elementor-element-83ab6f0 elementor-widget elementor-widget-text-editor\" data-id=\"83ab6f0\" data-element_type=\"widget\" data-widget_type=\"text-editor.default\">\n\t\t\t\t<div class=\"elementor-widget-container\">\n\t\t\t\t\t\t\t<div style=\"opacity: .5; line-height: 14px; display: block; font-size: .75em;\"><small>Sajt je za\u0161ti\u0107en od reCAPTCHA i Google. <br>\n<a href=\"https:\/\/policies.google.com\/privacy\" target=\"_blank\" rel=\"noopener\">Politika privatnosti<\/a> and <a href=\"https:\/\/policies.google.com\/terms\" target=\"_blank\" rel=\"noopener\">Uslovi kori\u0161\u0107enja<\/a> se primenjuju.\n<\/small><\/div>\t\t\t\t\t\t<\/div>\n\t\t\t\t<\/div>\n\t\t\t\t\t<\/div>\n\t\t<\/div>\n\t\t\t\t\t\t\t<\/div>\n\t\t<\/section>\n\t\t\t\t\t<\/div>\n\t\t<\/div>\n\t\t\t\t\t\t\t<\/div>\n\t\t<\/section>\n\t\t\t\t<section class=\"elementor-section elementor-top-section elementor-element elementor-element-e7444c7 elementor-section-full_width elementor-section-height-default elementor-section-height-default qodef-elementor-content-no elementor-invisible\" data-id=\"e7444c7\" data-element_type=\"section\" data-settings=\"{&quot;animation&quot;:&quot;fadeIn&quot;}\">\n\t\t\t\t\t\t<div class=\"elementor-container elementor-column-gap-no\">\n\t\t\t\t\t<div class=\"elementor-column elementor-col-100 elementor-top-column elementor-element elementor-element-30aa59a\" data-id=\"30aa59a\" data-element_type=\"column\">\n\t\t\t<div class=\"elementor-widget-wrap elementor-element-populated\">\n\t\t\t\t\t\t\t\t<div class=\"elementor-element elementor-element-950a768 elementor-widget elementor-widget-globefarer_core_google_map\" data-id=\"950a768\" data-element_type=\"widget\" data-widget_type=\"globefarer_core_google_map.default\">\n\t\t\t\t<div class=\"elementor-widget-container\">\n\t\t\t<div class=\"qodef-shortcode qodef-m  qodef-google-map\">\n\t<div class=\"qodef-m-map\" id=\"qodef-map-id--841\" data-addresses='[\"&lt;img width=&#039;125px&#039; src=&#039;\/assets\/img\/2022\/07\/zensped-logo-dark-125.png&#039;\/&gt;&lt;br&gt;&lt;br&gt;&lt;a style=&#039;color: black&#039; target=&#039;_blank&#039; href=&#039;https:\/\/www.google.com\/maps\/place\/39+Ulica+Jovana+Tomasevica,+Bar,+Montenegro\/@42.1929128,17.6031938,7.5z\/data=!4m5!3m4!1s0x134e740079e57ce9:0x680d28150e8e61c4!8m2!3d42.0977211!4d19.0951253&#039;&gt;&lt;strong&gt;ZEN\u0160PED GROUP&lt;\/strong&gt;&lt;br&gt;Jovana Toma\u0161evi\u0107a 39&lt;br&gt; 85000 Bar, Crna Gora&lt;\/a&gt;\"]' data-pin=\"https:\/\/zensped.co.me\/assets\/img\/2022\/06\/pin.png\" data-unique-id=\"841\" data-height=\"700\"><\/div>\n<\/div>\n\t\t<\/div>\n\t\t\t\t<\/div>\n\t\t\t\t\t<\/div>\n\t\t<\/div>\n\t\t\t\t\t\t\t<\/div>\n\t\t<\/section>\n\t\t\t\t\t\t\t<\/div>","protected":false},"excerpt":{"rendered":"<p>Zen\u0161ped Group Dru\u0161tvo za \u0161pediterske, pomorsko-agencijske i spoljnotrgovinske poslove Djelatnost (klasifikacija delatnosti):5229 Ostale prate\u0107e djelatnosti u saobra\u0107ajuMati\u010dni broj privrednog subjekta: 02914034 +382 30 312 275 +382 30 313 123 +382 67 393 297 +382 67 226 473 Adresa Jovana Toma\u0161evi\u0107a 39, 85000 Bar, Crna Gora Email info@zensped.co.me Radno vrijeme 08 \u2014 20h | radnim danima [&hellip;]<\/p>","protected":false},"author":1,"featured_media":0,"parent":0,"menu_order":0,"comment_status":"closed","ping_status":"closed","template":"page-full-width.php","meta":[],"_links":{"self":[{"href":"https:\/\/zensped.co.me\/en\/wp-json\/wp\/v2\/pages\/8667"}],"collection":[{"href":"https:\/\/zensped.co.me\/en\/wp-json\/wp\/v2\/pages"}],"about":[{"href":"https:\/\/zensped.co.me\/en\/wp-json\/wp\/v2\/types\/page"}],"author":[{"embeddable":true,"href":"https:\/\/zensped.co.me\/en\/wp-json\/wp\/v2\/users\/1"}],"replies":[{"embeddable":true,"href":"https:\/\/zensped.co.me\/en\/wp-json\/wp\/v2\/comments?post=8667"}],"version-history":[{"count":26,"href":"https:\/\/zensped.co.me\/en\/wp-json\/wp\/v2\/pages\/8667\/revisions"}],"predecessor-version":[{"id":11740,"href":"https:\/\/zensped.co.me\/en\/wp-json\/wp\/v2\/pages\/8667\/revisions\/11740"}],"wp:attachment":[{"href":"https:\/\/zensped.co.me\/en\/wp-json\/wp\/v2\/media?parent=8667"}],"curies":[{"name":"wp","href":"https:\/\/api.w.org\/{rel}","templated":true}]}}